{"id":2,"date":"2015-03-15T19:53:43","date_gmt":"2015-03-15T19:53:43","guid":{"rendered":""},"modified":"2015-03-16T05:44:05","modified_gmt":"2015-03-16T05:44:05","slug":"sample-page","status":"publish","type":"page","link":"https:\/\/dilg.com.mx\/?page_id=2","title":{"rendered":"Cont\u00e1ctenos"},"content":{"rendered":"<p><b>SOLUCIONES INTEGRALES<\/b><\/p>\n<p><b>DILG S.A. de C.V.<\/b><\/p>\n<p><b>OFICINAS<\/b><\/p>\n<p>Norte 75 N\u00ba 370, Col. Jardin Azpeitia C.P. 02530<\/p>\n<p>Deleg. Azcapotzalco, M\u00e9xico D.F.<\/p>\n<p><b>SUCURSAL<\/b><\/p>\n<p>Fresnillo 32-A Fracc. Bonito Ecatepec<\/p>\n<p>C.P. 55090 Municipio Ecatepec Edo. Mex.<\/p>\n<p><b>CONT\u00c1CTO<\/b><\/p>\n<p>Tel: 1661-0680 Nextel: 5926-4661<\/p>\n<p><strong>DIVISION MONTACARGAS:<\/strong><\/p>\n<p><a href=\"http:\/\/operadoresdemontacargas.com.mx\">www.operadoresdemontacargas.com.mx<\/a><\/p>\n<p><b>ATENCI\u00d3N A CLIENTES<\/b><\/p>\n<p><a href=\"mailto:ventas@dilg.com.mx\">ventas@dilg.com.mx<\/a><\/p>\n","protected":false},"excerpt":{"rendered":"<p>SOLUCIONES INTEGRALES DILG S.A. de C.V. OFICINAS Norte 75 N\u00ba 370, Col. Jardin Azpeitia C.P. 02530 Deleg. Azcapotzalco, M\u00e9xico D.F. SUCURSAL Fresnillo 32-A Fracc. Bonito Ecatepec C.P. 55090 Municipio Ecatepec Edo. Mex. CONT\u00c1CTO Tel: 1661-0680 Nextel: 5926-4661 DIVISION MONTACARGAS: www.operadoresdemontacargas.com.mx ATENCI\u00d3N A CLIENTES ventas@dilg.com.mx<\/p>\n<p> <a class=\"continue-reading-link\" href=\"https:\/\/dilg.com.mx\/?page_id=2\"><span>Continue reading<\/span><i class=\"crycon-right-dir\"><\/i><\/a> <\/p>\n","protected":false},"author":1,"featured_media":0,"parent":0,"menu_order":0,"comment_status":"closed","ping_status":"open","template":"templates\/template-onecolumn.php","meta":{"footnotes":""},"class_list":["post-2","page","type-page","status-publish","hentry"],"_links":{"self":[{"href":"https:\/\/dilg.com.mx\/index.php?rest_route=\/wp\/v2\/pages\/2"}],"collection":[{"href":"https:\/\/dilg.com.mx\/index.php?rest_route=\/wp\/v2\/pages"}],"about":[{"href":"https:\/\/dilg.com.mx\/index.php?rest_route=\/wp\/v2\/types\/page"}],"author":[{"embeddable":true,"href":"https:\/\/dilg.com.mx\/index.php?rest_route=\/wp\/v2\/users\/1"}],"replies":[{"embeddable":true,"href":"https:\/\/dilg.com.mx\/index.php?rest_route=%2Fwp%2Fv2%2Fcomments&post=2"}],"version-history":[{"count":4,"href":"https:\/\/dilg.com.mx\/index.php?rest_route=\/wp\/v2\/pages\/2\/revisions"}],"predecessor-version":[{"id":24,"href":"https:\/\/dilg.com.mx\/index.php?rest_route=\/wp\/v2\/pages\/2\/revisions\/24"}],"wp:attachment":[{"href":"https:\/\/dilg.com.mx\/index.php?rest_route=%2Fwp%2Fv2%2Fmedia&parent=2"}],"curies":[{"name":"wp","href":"https:\/\/api.w.org\/{rel}","templated":true}]}}